{"id":28,"date":"2025-03-26T13:14:01","date_gmt":"2025-03-26T12:14:01","guid":{"rendered":"https:\/\/phareconsult.fr\/?page_id=28"},"modified":"2025-04-01T16:03:46","modified_gmt":"2025-04-01T14:03:46","slug":"recrutement","status":"publish","type":"page","link":"https:\/\/phareconsult.fr\/index.php\/recrutement\/","title":{"rendered":"Recrutement"},"content":{"rendered":"\n<p>Un process de recrutement de haute qualit\u00e9 et totalement personnalis\u00e9 \u00e0 votre activit\u00e9<\/p>\n\n\n\n<figure class=\"wp-block-gallery has-nested-images columns-default is-cropped wp-block-gallery-1 is-layout-flex wp-block-gallery-is-layout-flex\"><\/figure>\n\n\n\n<p><\/p>\n","protected":false},"excerpt":{"rendered":"<p>Un process de recrutement de haute qualit\u00e9 et totalement personnalis\u00e9 \u00e0 votre activit\u00e9<\/p>\n","protected":false},"author":1,"featured_media":0,"parent":0,"menu_order":0,"comment_status":"closed","ping_status":"closed","template":"","meta":{"footnotes":""},"class_list":["post-28","page","type-page","status-publish","hentry"],"_links":{"self":[{"href":"https:\/\/phareconsult.fr\/index.php\/wp-json\/wp\/v2\/pages\/28","targetHints":{"allow":["GET"]}}],"collection":[{"href":"https:\/\/phareconsult.fr\/index.php\/wp-json\/wp\/v2\/pages"}],"about":[{"href":"https:\/\/phareconsult.fr\/index.php\/wp-json\/wp\/v2\/types\/page"}],"author":[{"embeddable":true,"href":"https:\/\/phareconsult.fr\/index.php\/wp-json\/wp\/v2\/users\/1"}],"replies":[{"embeddable":true,"href":"https:\/\/phareconsult.fr\/index.php\/wp-json\/wp\/v2\/comments?post=28"}],"version-history":[{"count":4,"href":"https:\/\/phareconsult.fr\/index.php\/wp-json\/wp\/v2\/pages\/28\/revisions"}],"predecessor-version":[{"id":82,"href":"https:\/\/phareconsult.fr\/index.php\/wp-json\/wp\/v2\/pages\/28\/revisions\/82"}],"wp:attachment":[{"href":"https:\/\/phareconsult.fr\/index.php\/wp-json\/wp\/v2\/media?parent=28"}],"curies":[{"name":"wp","href":"https:\/\/api.w.org\/{rel}","templated":true}]}}